{"id":121,"date":"2022-10-30T17:11:53","date_gmt":"2022-10-30T20:11:53","guid":{"rendered":"http:\/\/magconstrucao.com.br\/?page_id=121"},"modified":"2022-10-30T17:44:16","modified_gmt":"2022-10-30T20:44:16","slug":"vem-para-mag","status":"publish","type":"page","link":"https:\/\/magconstrucao.com.br\/index.php\/vem-para-mag\/","title":{"rendered":"Vem para Mag"},"content":{"rendered":"<div data-colibri-id=\"121-c1\" class=\"style-345 style-local-121-c1 position-relative\">\r\n  <!---->\r\n  <div data-colibri-component=\"section\" data-colibri-id=\"121-c6\" id=\"custom-2\" class=\"h-section h-section-global-spacing d-flex align-items-lg-center align-items-md-center align-items-center style-351 style-local-121-c6 position-relative\">\r\n    <!---->\r\n    <!---->\r\n    <div class=\"h-section-grid-container h-section-boxed-container\">\r\n      <!---->\r\n      <div data-colibri-id=\"121-c12\" class=\"h-row-container gutters-row-lg-2 gutters-row-md-2 gutters-row-0 gutters-row-v-lg-2 gutters-row-v-md-2 gutters-row-v-2 style-357 style-local-121-c12 position-relative\">\r\n        <!---->\r\n        <div class=\"h-row justify-content-lg-center justify-content-md-center justify-content-center align-items-lg-stretch align-items-md-stretch align-items-stretch gutters-col-lg-2 gutters-col-md-2 gutters-col-0 gutters-col-v-lg-2 gutters-col-v-md-2 gutters-col-v-2\">\r\n          <!---->\r\n          <div class=\"h-column h-column-container d-flex h-col-lg-auto h-col-md-auto h-col-auto style-358-outer style-local-121-c13-outer\">\r\n            <div data-colibri-id=\"121-c13\" class=\"d-flex h-flex-basis h-column__inner h-px-lg-2 h-px-md-2 h-px-2 v-inner-lg-2 v-inner-md-2 v-inner-2 style-358 style-local-121-c13 position-relative\">\r\n              <!---->\r\n              <!---->\r\n              <div class=\"w-100 h-y-container h-column__content h-column__v-align flex-basis-100 align-self-lg-start align-self-md-start align-self-start\">\r\n                <!---->\r\n                <div data-colibri-id=\"121-c14\" class=\"h-global-transition-all h-heading style-359 style-local-121-c14 position-relative h-element\">\r\n                  <!---->\r\n                  <div class=\"h-heading__outer style-359 style-local-121-c14\">\r\n                    <!---->\r\n                    <!---->\r\n                    <h1 class=\"\">Aqui valorizamos o que voc\u00ea faz de melhor. <\/h1>\r\n                  <\/div>\r\n                <\/div>\r\n              <\/div>\r\n            <\/div>\r\n          <\/div>\r\n        <\/div>\r\n      <\/div>\r\n      <div data-colibri-id=\"121-c7\" class=\"h-row-container gutters-row-lg-2 gutters-row-md-2 gutters-row-0 gutters-row-v-lg-2 gutters-row-v-md-2 gutters-row-v-2 style-352 style-local-121-c7 position-relative\">\r\n        <!---->\r\n        <div class=\"h-row justify-content-lg-center justify-content-md-center justify-content-center align-items-lg-stretch align-items-md-stretch align-items-stretch gutters-col-lg-2 gutters-col-md-2 gutters-col-0 gutters-col-v-lg-2 gutters-col-v-md-2 gutters-col-v-2\">\r\n          <!---->\r\n          <div class=\"h-column h-column-container d-flex h-col-lg-auto h-col-md-auto h-col-auto style-353-outer style-local-121-c8-outer\">\r\n            <div data-colibri-id=\"121-c8\" class=\"d-flex h-flex-basis h-column__inner h-px-lg-2 h-px-md-2 h-px-2 v-inner-lg-2 v-inner-md-2 v-inner-2 style-353 style-local-121-c8 position-relative\">\r\n              <!---->\r\n              <!---->\r\n              <div class=\"w-100 h-y-container h-column__content h-column__v-align flex-basis-100 align-self-lg-start align-self-md-start align-self-start\">\r\n                <!---->\r\n                <div data-colibri-id=\"121-c9\" class=\"h-text h-text-component style-354 style-local-121-c9 position-relative h-element\">\r\n                  <!---->\r\n                  <!---->\r\n                  <div class=\"\">\r\n                    <p>\u00c1reas que estamos sempre buscando parceiros.<\/p>\r\n                  <\/div>\r\n                <\/div>\r\n                <div data-colibri-id=\"121-c10\" class=\"icon-list d-flex justify-content-lg-center justify-content-md-center justify-content-center style-355 style-local-121-c10 position-relative h-element\">\r\n                  <!---->\r\n                  <ul class=\"ul-list-icon vertical-on-desktop vertical-on-tablet vertical-on-mobile justify-content-lg-center justify-content-md-center justify-content-center\">\r\n                    <!---->\r\n                    <li class=\"list-item no-gutters\">\r\n                      <!---->\r\n                      <div class=\"list-container-divider d-flex justify-content-lg-center justify-content-md-center justify-content-center first-el-spacer\"><\/div> <span class=\"item-link no-gutters\"><div class=\"d-flex h-col no-gutters align-items-lg-center align-items-md-center align-items-center list-item-text-wrapper\"><div class=\"d-flex\"><span  class=\"h-svg-icon style-355-icon style-local-121-c10-icon\"><!--Icon by Font Awesome (https:\/\/fontawesome.com)-->\r\n    <svg version=\"1.1\" xmlns=\"http:\/\/www.w3.org\/2000\/svg\" xmlns:xlink=\"http:\/\/www.w3.org\/1999\/xlink\" id=\"check\" viewBox=\"0 0 1792 1896.0833\">\r\n      <path d=\"M1671 566q0 40-28 68l-724 724-136 136q-28 28-68 28t-68-28l-136-136-362-362q-28-28-28-68t28-68l136-136q28-28 68-28t68 28l294 295 656-657q28-28 68-28t68 28l136 136q28 28 28 68z\"><\/path>\r\n    <\/svg><\/span><\/div> <span class=\"list-text d-block\"><span>Pedreiro<\/span><\/span>\r\n              <\/div>\r\n              <\/span>\r\n              <div class=\"list-container-divider d-flex justify-content-lg-center justify-content-md-center justify-content-center\">\r\n                <!---->\r\n              <\/div>\r\n              <\/li>\r\n              <li class=\"list-item no-gutters\">\r\n                <!---->\r\n                <!----><span class=\"item-link no-gutters\"><div class=\"d-flex h-col no-gutters align-items-lg-center align-items-md-center align-items-center list-item-text-wrapper\"><div class=\"d-flex\"><span  class=\"h-svg-icon style-355-icon style-local-121-c10-icon\"><!--Icon by Font Awesome (https:\/\/fontawesome.com)-->\r\n    <svg version=\"1.1\" xmlns=\"http:\/\/www.w3.org\/2000\/svg\" xmlns:xlink=\"http:\/\/www.w3.org\/1999\/xlink\" id=\"check\" viewBox=\"0 0 1792 1896.0833\">\r\n      <path d=\"M1671 566q0 40-28 68l-724 724-136 136q-28 28-68 28t-68-28l-136-136-362-362q-28-28-28-68t28-68l136-136q28-28 68-28t68 28l294 295 656-657q28-28 68-28t68 28l136 136q28 28 28 68z\"><\/path>\r\n    <\/svg><\/span><\/div> <span class=\"list-text d-block\"><span>Ajudante<\/span><\/span>\r\n          <\/div>\r\n          <\/span>\r\n          <div class=\"list-container-divider d-flex justify-content-lg-center justify-content-md-center justify-content-center\">\r\n            <!---->\r\n          <\/div>\r\n          <\/li>\r\n          <li class=\"list-item no-gutters\">\r\n            <!---->\r\n            <!----><span class=\"item-link no-gutters\"><div class=\"d-flex h-col no-gutters align-items-lg-center align-items-md-center align-items-center list-item-text-wrapper\"><div class=\"d-flex\"><span  class=\"h-svg-icon style-355-icon style-local-121-c10-icon\"><!--Icon by Font Awesome (https:\/\/fontawesome.com)-->\r\n    <svg version=\"1.1\" xmlns=\"http:\/\/www.w3.org\/2000\/svg\" xmlns:xlink=\"http:\/\/www.w3.org\/1999\/xlink\" id=\"check\" viewBox=\"0 0 1792 1896.0833\">\r\n      <path d=\"M1671 566q0 40-28 68l-724 724-136 136q-28 28-68 28t-68-28l-136-136-362-362q-28-28-28-68t28-68l136-136q28-28 68-28t68 28l294 295 656-657q28-28 68-28t68 28l136 136q28 28 28 68z\"><\/path>\r\n    <\/svg><\/span><\/div> <span class=\"list-text d-block\"><span>Gestor de Obra<\/span><\/span>\r\n      <\/div>\r\n      <\/span>\r\n      <div class=\"list-container-divider d-flex justify-content-lg-center justify-content-md-center justify-content-center\">\r\n        <!---->\r\n      <\/div>\r\n      <\/li>\r\n      <li class=\"list-item no-gutters\">\r\n        <!---->\r\n        <!----><span class=\"item-link no-gutters\"><div class=\"d-flex h-col no-gutters align-items-lg-center align-items-md-center align-items-center list-item-text-wrapper\"><div class=\"d-flex\"><span  class=\"h-svg-icon style-355-icon style-local-121-c10-icon\"><!--Icon by Font Awesome (https:\/\/fontawesome.com)-->\r\n    <svg version=\"1.1\" xmlns=\"http:\/\/www.w3.org\/2000\/svg\" xmlns:xlink=\"http:\/\/www.w3.org\/1999\/xlink\" id=\"check\" viewBox=\"0 0 1792 1896.0833\">\r\n      <path d=\"M1671 566q0 40-28 68l-724 724-136 136q-28 28-68 28t-68-28l-136-136-362-362q-28-28-28-68t28-68l136-136q28-28 68-28t68 28l294 295 656-657q28-28 68-28t68 28l136 136q28 28 28 68z\"><\/path>\r\n    <\/svg><\/span><\/div> <span class=\"list-text d-block\"><span>Engenheiro<\/span><\/span>\r\n  <\/div>\r\n  <\/span>\r\n  <div class=\"list-container-divider d-flex justify-content-lg-center justify-content-md-center justify-content-center\">\r\n    <!---->\r\n  <\/div>\r\n  <\/li>\r\n  <li class=\"list-item no-gutters\">\r\n    <!---->\r\n    <!----><span class=\"item-link no-gutters\"><div class=\"d-flex h-col no-gutters align-items-lg-center align-items-md-center align-items-center list-item-text-wrapper\"><div class=\"d-flex\"><span  class=\"h-svg-icon style-355-icon style-local-121-c10-icon\"><!--Icon by Font Awesome (https:\/\/fontawesome.com)-->\r\n    <svg version=\"1.1\" xmlns=\"http:\/\/www.w3.org\/2000\/svg\" xmlns:xlink=\"http:\/\/www.w3.org\/1999\/xlink\" id=\"check\" viewBox=\"0 0 1792 1896.0833\">\r\n      <path d=\"M1671 566q0 40-28 68l-724 724-136 136q-28 28-68 28t-68-28l-136-136-362-362q-28-28-28-68t28-68l136-136q28-28 68-28t68 28l294 295 656-657q28-28 68-28t68 28l136 136q28 28 28 68z\"><\/path>\r\n    <\/svg><\/span><\/div> <span class=\"list-text d-block\"><span>T\u00e9cnico de Seguran\u00e7a<\/span><\/span>\r\n<\/div>\r\n<\/span>\r\n<div class=\"list-container-divider d-flex justify-content-lg-center justify-content-md-center justify-content-center\" style=\"display: none;\">\r\n  <!---->\r\n<\/div>\r\n<div class=\"list-container-divider d-flex justify-content-lg-center justify-content-md-center justify-content-center last-el-spacer\"><\/div>\r\n<\/li>\r\n<\/ul>\r\n<\/div>\r\n<\/div>\r\n<\/div>\r\n<\/div>\r\n<\/div>\r\n<\/div>\r\n<\/div>\r\n<\/div>\r\n<div data-colibri-component=\"section\" data-colibri-id=\"121-c2\" id=\"custom\" class=\"h-section h-section-global-spacing d-flex align-items-lg-center align-items-md-center align-items-center style-346 style-local-121-c2 position-relative\">\r\n  <!---->\r\n  <!---->\r\n  <div class=\"h-section-grid-container h-section-boxed-container\">\r\n    <!---->\r\n    <div data-colibri-id=\"121-c3\" class=\"h-row-container gutters-row-lg-2 gutters-row-md-2 gutters-row-0 gutters-row-v-lg-2 gutters-row-v-md-2 gutters-row-v-2 style-347 style-local-121-c3 position-relative\">\r\n      <!---->\r\n      <div class=\"h-row justify-content-lg-center justify-content-md-center justify-content-center align-items-lg-stretch align-items-md-stretch align-items-stretch gutters-col-lg-2 gutters-col-md-2 gutters-col-0 gutters-col-v-lg-2 gutters-col-v-md-2 gutters-col-v-2\">\r\n        <!---->\r\n        <div class=\"h-column h-column-container d-flex h-col-lg-auto h-col-md-auto h-col-auto style-348-outer style-local-121-c4-outer\">\r\n          <div data-colibri-id=\"121-c4\" class=\"d-flex h-flex-basis h-column__inner h-px-lg-2 h-px-md-2 h-px-2 v-inner-lg-2 v-inner-md-2 v-inner-2 style-348 style-local-121-c4 position-relative\">\r\n            <!---->\r\n            <!---->\r\n            <div class=\"w-100 h-y-container h-column__content h-column__v-align flex-basis-100 align-self-lg-start align-self-md-start align-self-start\">\r\n              <!---->\r\n              <div data-colibri-id=\"121-c5\" class=\"h-contact-form__outer--forminator style-350 style-local-121-c5 position-relative h-element\">\r\n                <!---->\r\n                <div class=\"h-global-transition-all h-global-transition h-global-transition-all h-contact-form-shortcode\"><div class=\"forminator-ui forminator-custom-form forminator-custom-form-111 forminator-design--default  forminator_ajax\" data-forminator-render=\"0\" data-form=\"forminator-module-111\" data-uid=\"6a0068f7059d6\"><br\/><\/div><form\n\t\t\t\tid=\"forminator-module-111\"\n\t\t\t\tclass=\"forminator-ui forminator-custom-form forminator-custom-form-111 forminator-design--default  forminator_ajax\"\n\t\t\t\tmethod=\"post\"\n\t\t\t\tdata-forminator-render=\"0\"\n\t\t\t\tdata-form-id=\"111\"\n\t\t\t\t\n\t\t\t\tdata-design=\"default\"\n\t\t\t\t\n\t\t\t\t\n\t\t\t\t\n\t\t\t\tdata-grid=\"open\"\n\t\t\t\tenctype=\"multipart\/form-data\"\n\t\t\t\t\n\t\t\t\tstyle=\"display: none;\"\n\t\t\t\t\n\t\t\t\tdata-uid=\"6a0068f7059d6\"\n\t\t\t><div class=\"forminator-response-message forminator-error\" aria-hidden=\"true\"><\/div><div class=\"forminator-row\"><div id=\"name-1\" class=\"forminator-col forminator-col-12 \"><div class=\"forminator-field\"><label for=\"forminator-field-name-1_6a0068f7059d6\" class=\"forminator-label\">Nome <span class=\"forminator-required\">*<\/span><\/label><input type=\"text\" name=\"name-1\" value=\"\" placeholder=\"Nome Completo\" id=\"forminator-field-name-1_6a0068f7059d6\" class=\"forminator-input forminator-name--field\" aria-required=\"true\" \/><\/div><\/div><\/div><div class=\"forminator-row\"><div id=\"email-1\" class=\"forminator-col forminator-col-12 \"><div class=\"forminator-field\"><label for=\"forminator-field-email-1_6a0068f7059d6\" class=\"forminator-label\">Email <span class=\"forminator-required\">*<\/span><\/label><input type=\"email\" name=\"email-1\" value=\"\" placeholder=\"seu melhor email\" id=\"forminator-field-email-1_6a0068f7059d6\" class=\"forminator-input forminator-email--field\" data-required=\"true\" aria-required=\"true\" \/><\/div><\/div><\/div><div class=\"forminator-row\"><div id=\"phone-1\" class=\"forminator-col forminator-col-12 \"><div class=\"forminator-field\"><label for=\"forminator-field-phone-1_6a0068f7059d6\" class=\"forminator-label\">Telefone<\/label><input type=\"text\" name=\"phone-1\" value=\"\" placeholder=\"DDD+\" id=\"forminator-field-phone-1_6a0068f7059d6\" class=\"forminator-input forminator-field--phone\" data-required=\"\" aria-required=\"false\" autocomplete=\"off\" \/><\/div><\/div><\/div><div class=\"forminator-row\"><div id=\"upload-1\" class=\"forminator-col forminator-col-12 \"><div class=\"forminator-field\"><label for=\"forminator-field-upload-1_6a0068f7059d6\" class=\"forminator-label\">Anexar seu Curr\u00edculo aqui<\/label><div class=\"forminator-file-upload \" data-element=\"upload-1_6a0068f7059d6\"><input type=\"file\" name=\"upload-1\" id=\"forminator-field-upload-1_6a0068f7059d6\" class=\"forminator-input-file\" accept=\".jpg,.jpeg,.jpe,.gif,.png,.bmp,.tiff,.tif,.webp,.ico,.heic,.asf,.asx,.wmv,.wmx,.wm,.avi,.divx,.flv,.mov,.qt,.mpeg,.mpg,.mpe,.mp4,.m4v,.ogv,.webm,.mkv,.3gp,.3gpp,.3g2,.3gp2,.txt,.asc,.c,.cc,.h,.srt,.csv,.tsv,.ics,.rtx,.css,.htm,.html,.vtt,.dfxp,.mp3,.m4a,.m4b,.aac,.ra,.ram,.wav,.ogg,.oga,.flac,.mid,.midi,.wma,.wax,.mka,.rtf,.js,.pdf,.class,.tar,.zip,.gz,.gzip,.rar,.7z,.psd,.xcf,.doc,.pot,.pps,.ppt,.wri,.xla,.xls,.xlt,.xlw,.mdb,.mpp,.docx,.docm,.dotx,.dotm,.xlsx,.xlsm,.xlsb,.xltx,.xltm,.xlam,.pptx,.pptm,.ppsx,.ppsm,.potx,.potm,.ppam,.sldx,.sldm,.onetoc,.onetoc2,.onetmp,.onepkg,.oxps,.xps,.odt,.odp,.ods,.odg,.odc,.odb,.odf,.wp,.wpd,.key,.numbers,.pages\"><button id=\"forminator-field-upload-1_6a0068f7059d6_button\" class=\"forminator-button forminator-button-upload\" data-id=\"forminator-field-upload-1_6a0068f7059d6\">Choose File<\/button><span data-empty-text=\"No file chosen\">No file chosen<\/span><button class=\"forminator-button-delete\" style=\"display: none;\"><i class=\"forminator-icon-close\" aria-hidden=\"true\"><\/i><span class=\"forminator-screen-reader-only\">Delete uploaded file<\/span><\/button><\/div><\/div><\/div><\/div><input type=\"hidden\" name=\"referer_url\" value=\"\" \/><div class=\"forminator-row forminator-row-last\"><div class=\"forminator-col\"><div class=\"forminator-field\"><button class=\"forminator-button forminator-button-submit\">Enviar<\/button><\/div><\/div><\/div><input type=\"hidden\" id=\"forminator_nonce\" name=\"forminator_nonce\" value=\"33f00b0427\" \/><input type=\"hidden\" name=\"_wp_http_referer\" value=\"\/index.php\/wp-json\/wp\/v2\/pages\/121\" \/><input type=\"hidden\" name=\"form_id\" value=\"111\"><input type=\"hidden\" name=\"page_id\" value=\"121\"><input type=\"hidden\" name=\"form_type\" value=\"default\"><input type=\"hidden\" name=\"current_url\" value=\"https:\/\/magconstrucao.com.br\/index.php\/vem-para-mag\/\"><input type=\"hidden\" name=\"render_id\" value=\"0\"><input type=\"hidden\" name=\"action\" value=\"forminator_submit_form_custom-forms\"><\/form><\/div>\r\n              <\/div>\r\n            <\/div>\r\n          <\/div>\r\n        <\/div>\r\n      <\/div>\r\n    <\/div>\r\n  <\/div>\r\n<\/div>\r\n<\/div>","protected":false},"excerpt":{"rendered":"<p>Aqui valorizamos o que voc\u00ea faz de melhor. \u00c1reas que estamos sempre buscando parceiros. Pedreiro Ajudante Gestor de Obra Engenheiro T\u00e9cnico de Seguran\u00e7a<\/p>\n","protected":false},"author":1,"featured_media":0,"parent":0,"menu_order":0,"comment_status":"closed","ping_status":"closed","template":"page-templates\/full-width-page.php","meta":{"footnotes":""},"class_list":["post-121","page","type-page","status-publish","hentry"],"_links":{"self":[{"href":"https:\/\/magconstrucao.com.br\/index.php\/wp-json\/wp\/v2\/pages\/121","targetHints":{"allow":["GET"]}}],"collection":[{"href":"https:\/\/magconstrucao.com.br\/index.php\/wp-json\/wp\/v2\/pages"}],"about":[{"href":"https:\/\/magconstrucao.com.br\/index.php\/wp-json\/wp\/v2\/types\/page"}],"author":[{"embeddable":true,"href":"https:\/\/magconstrucao.com.br\/index.php\/wp-json\/wp\/v2\/users\/1"}],"replies":[{"embeddable":true,"href":"https:\/\/magconstrucao.com.br\/index.php\/wp-json\/wp\/v2\/comments?post=121"}],"version-history":[{"count":3,"href":"https:\/\/magconstrucao.com.br\/index.php\/wp-json\/wp\/v2\/pages\/121\/revisions"}],"predecessor-version":[{"id":132,"href":"https:\/\/magconstrucao.com.br\/index.php\/wp-json\/wp\/v2\/pages\/121\/revisions\/132"}],"wp:attachment":[{"href":"https:\/\/magconstrucao.com.br\/index.php\/wp-json\/wp\/v2\/media?parent=121"}],"curies":[{"name":"wp","href":"https:\/\/api.w.org\/{rel}","templated":true}]}}